{"id":1844,"date":"2016-01-11T11:07:27","date_gmt":"2016-01-11T14:07:27","guid":{"rendered":"http:\/\/www.clubalemanvalparaiso.cl\/?page_id=1844"},"modified":"2019-07-22T22:59:17","modified_gmt":"2019-07-23T02:59:17","slug":"prensa","status":"publish","type":"page","link":"https:\/\/www.clubalemanvalparaiso.cl\/?page_id=1844","title":{"rendered":"Prensa"},"content":{"rendered":"<p><strong>2019<\/strong><\/p>\n<ul>\n<li>22.07.2019<\/li>\n<\/ul>\n<p>El Mercurio de Valpara\u00edso<\/p>\n<p>Concierto &#8220;Bon Voyage&#8221; en el Mercurio de Valpara\u00edso<\/p>\n<p><a href=\"http:\/\/www.mercuriovalpo.cl\/impresa\/2019\/07\/22\/full\/cuerpo-principal\/20\/\">http:\/\/www.mercuriovalpo.cl\/impresa\/2019\/07\/22\/full\/cuerpo-principal\/20\/<\/a><\/p>\n<p>&nbsp;<\/p>\n<ul>\n<li>28.05.2019<\/li>\n<\/ul>\n<p>El Mercurio de Valpara\u00edso<\/p>\n<p>181 Aniversario del Club Alem\u00e1n de Valpara\u00edso<\/p>\n<p><a href=\"http:\/\/www.mercuriovalpo.cl\/impresa\/2019\/05\/28\/full\/cuerpo-principal\/28\/\">http:\/\/www.mercuriovalpo.cl\/impresa\/2019\/05\/28\/full\/cuerpo-principal\/28\/<\/a><\/p>\n<p><strong>2018<\/strong><\/p>\n<ul>\n<li>06.05.2018<\/li>\n<\/ul>\n<p>El Mercurio de Valpara\u00edso<\/p>\n<p>Edici\u00f3n Especial con motivo del 180\u00b0 Aniversario del Club Alem\u00e1n de Valpara\u00edso<\/p>\n<p><a href=\"http:\/\/www.mercuriovalpo.cl\/impresa\/2018\/05\/06\/full\/edicion-especial-1\/1\/\">http:\/\/www.mercuriovalpo.cl\/impresa\/2018\/05\/06\/full\/edicion-especial-1\/1\/<\/a><\/p>\n<ul>\n<li>23.05.2018<\/li>\n<\/ul>\n<p>El Mercurio de Valpara\u00edso<\/p>\n<p>Gala 180\u00b0 aniversario del Club Alem\u00e1n de Valpara\u00edso<\/p>\n<p><a href=\"http:\/\/www.mercuriovalpo.cl\/impresa\/2018\/05\/23\/full\/cuerpo-principal\/29\/?fbclid=IwAR3CeenTWFqSZWMcoqpR9WyJ95qLs3LZ2vqkyCQUCtfOB7zdnWftpE3mung\">http:\/\/www.mercuriovalpo.cl\/impresa\/2018\/05\/23\/full\/cuerpo-principal\/29\/?fbclid=IwAR3CeenTWFqSZWMcoqpR9WyJ95qLs3LZ2vqkyCQUCtfOB7zdnWftpE3mung<\/a><\/p>\n<p><strong>2017<\/strong><\/p>\n<ul>\n<li>01.12.2017<\/li>\n<\/ul>\n<p>Peri\u00f3dico chileno-alem\u00e1n &#8220;C\u00f3ndor&#8221;<\/p>\n<p>Tag der Deutschen Einheit im Deutschen Verein Valpara\u00edso<\/p>\n<p>Link<\/p>\n<ul>\n<li>10.11.2017<\/li>\n<\/ul>\n<p>Peri\u00f3dico chileno-alem\u00e1n &#8220;C\u00f3ndor&#8221;<\/p>\n<p>Winterball im Deutschen Verein von Valpara\u00edso<\/p>\n<p>Link<\/p>\n<ul>\n<li>11.06.2017<\/li>\n<\/ul>\n<p>El Mercurio de Valpara\u00edso<\/p>\n<p>Encuentro Multicultural en el Club Alem\u00e1n de Valpara\u00edso<\/p>\n<p><a href=\"http:\/\/www.mercuriovalpo.cl\/impresa\/2017\/06\/11\/full\/cuerpo-principal\/22\/\">http:\/\/www.mercuriovalpo.cl\/impresa\/2017\/06\/11\/full\/cuerpo-principal\/22\/<\/a><\/p>\n<ul>\n<li>02.06.2017<\/li>\n<\/ul>\n<p>Peri\u00f3dico chileno-alem\u00e1n &#8220;C\u00f3ndor&#8221;<\/p>\n<p>179. Jubil\u00e4um des Deutschen Vereins zu Valpara\u00edso<\/p>\n<p>Link<\/p>\n<p><strong>2016<\/strong><\/p>\n<ul>\n<li>18.11.2016<\/li>\n<\/ul>\n<p>Peri\u00f3dico chileno-alem\u00e1n &#8220;C\u00f3ndor&#8221;<\/p>\n<p>Deutscher Verein Valpara\u00edso feiert Wiedervereinigung<\/p>\n<p>Link<\/p>\n<ul>\n<li>21.10.2016<\/li>\n<\/ul>\n<p>Peri\u00f3dico chileno-alem\u00e1n &#8220;C\u00f3ndor&#8221;<\/p>\n<p>Der Jungherrentisch, oder: freitags war die Bedienung zu stark besch\u00e4ftigt<\/p>\n<p>http:\/\/www.condor.cl\/gemeinschaft\/der-jungherrentisch-oder-freitags-war-die-bedienung-zu-stark-beschaeftigt<\/p>\n<ul>\n<li>14.10.2016<\/li>\n<\/ul>\n<p>Peri\u00f3dico chileno-alem\u00e1n &#8220;Condor&#8221;<\/p>\n<p>Winterfet im Deutschen Verein zu Valpara\u00edso<\/p>\n<p>Link<\/p>\n<ul>\n<li>01.07.2016<\/li>\n<\/ul>\n<p>Peri\u00f3dico chileno-alem\u00e1n &#8220;Condor&#8221;<\/p>\n<p>178. Jubil\u00e4um des Deutschen Vereins zu Valpara\u00edso<\/p>\n<p>Link<\/p>\n<p><strong>2015<\/strong><\/p>\n<ul>\n<li>13.11.2015<\/li>\n<\/ul>\n<p>Peri\u00f3dico chileno-alem\u00e1n &#8220;Condor&#8221;<\/p>\n<p>Deutscher Verein Valpara\u00edso feiert den Tag der Deutschen Einheit<\/p>\n<p>Link<\/p>\n<ul>\n<li>17.07.2015<\/li>\n<\/ul>\n<p>Peri\u00f3dico chileno-alem\u00e1n &#8220;Condor&#8221;<\/p>\n<p>Deutscher Verein Valpara\u00edso verabschiedet deutschen Botschafter<\/p>\n<p>Link<\/p>\n<ul>\n<li>12.06.2015<\/li>\n<\/ul>\n<p>Peri\u00f3dico chileno-alem\u00e1n &#8220;Condor&#8221;<\/p>\n<p>Deutsche Verein Valpara\u00edso feiert 177. Geburtstag<\/p>\n<p>Link<\/p>\n<p><strong>2014<\/strong><\/p>\n<ul>\n<li>29.05.2014<\/li>\n<\/ul>\n<p>El Mercurio de Valpara\u00edso<\/p>\n<p>176\u00ba Aniversario del Club Alem\u00e1n<\/p>\n<p>Link<\/p>\n<p><strong>2013<\/strong><\/p>\n<ul>\n<li>20.11.2013<\/li>\n<\/ul>\n<p>El Mercurio de Valpara\u00edso<\/p>\n<p>Celebraci\u00f3n del D\u00eda de la Unidad Alemana<\/p>\n<p><a href=\"http:\/\/www.mercuriovalpo.cl\/impresa\/2013\/11\/20\/full\/25\/\">http:\/\/www.mercuriovalpo.cl\/impresa\/2013\/11\/20\/full\/25\/<\/a><\/p>\n<ul>\n<li>20. Septiembre<\/li>\n<\/ul>\n<p>Peri\u00f3dico chileno-alem\u00e1n &#8220;Condor&#8221;<\/p>\n<p>Deutsche Kultur und Sprache bewahren: 97. Jahreshauptversammlung des Deutsch-Chilenischen Bunds<\/p>\n<p>Link<\/p>\n<ul>\n<li>Julio 2013<\/li>\n<\/ul>\n<p>Revista &#8220;Tell&#8221;<\/p>\n<p>Club Alem\u00e1n de Valpara\u00edso: Historia Alemana Viva en el Puerto<\/p>\n<p><a href=\"http:\/\/www.tell.cl\/magazine\/9653\/vinadelmar\/julio\/2013\/reportajes\/historia-alemana-viva-en-el-puerto.html\">http:\/\/www.tell.cl\/magazine\/9653\/vinadelmar\/julio\/2013\/reportajes\/historia-alemana-viva-en-el-puerto.html<\/a><\/p>\n<ul>\n<li>24.05.2013<\/li>\n<\/ul>\n<p>Peri\u00f3dico chileno-alem\u00e1n &#8220;Condor&#8221;<\/p>\n<p>Deutscher Verein Valpara\u00edso feiert 175-j\u00e2hriges Bestehen mit Gala-Konzert<\/p>\n<ul>\n<li>Mayo 2013<\/li>\n<\/ul>\n<p>El Mercurio de Valpara\u00edso<\/p>\n<p>175 a\u00f1os del Club Alem\u00e1n de Valpara\u00edso \/ Edici\u00f3n Especial<\/p>\n<p><a href=\"http:\/\/www.clubalemanvalparaiso.cl\/wp-content\/uploads\/2013\/05\/Edici%C3%B3n-Especial-Club-Alem%C3%A1n-El-Mercurio-de-Valpara%C3%ADso-Mayo-2013.pdf\">http:\/\/www.clubalemanvalparaiso.cl\/wp-content\/uploads\/2013\/05\/Edici%C3%B3n-Especial-Club-Alem%C3%A1n-El-Mercurio-de-Valpara%C3%ADso-Mayo-2013.pdf<\/a><\/p>\n<ul>\n<li>10.05.2013<\/li>\n<\/ul>\n<p>Club Alem\u00e1n de Valpara\u00edso fue declarado Patrimonio Cultural Inmaterial de la ciudad<\/p>\n<blockquote class=\"wp-embedded-content\" data-secret=\"P4WKdLtoky\"><p><a href=\"https:\/\/identidadyfuturo.cl\/2013\/05\/10\/club-aleman-de-valparaiso-fue-declarado-patrimonio-cultural-inmaterial-de-la-ciudad\/\">Club Alem\u00e1n de Valpara\u00edso fue Declarado Patrimonio Cultural Inmaterial de la Ciudad<\/a><\/p><\/blockquote>\n<p><iframe class=\"wp-embedded-content\" sandbox=\"allow-scripts\" security=\"restricted\" style=\"position: absolute; visibility: hidden;\" title=\"\u00abClub Alem\u00e1n de Valpara\u00edso fue Declarado Patrimonio Cultural Inmaterial de la Ciudad\u00bb \u2014 Identidad y Futuro\" src=\"https:\/\/identidadyfuturo.cl\/2013\/05\/10\/club-aleman-de-valparaiso-fue-declarado-patrimonio-cultural-inmaterial-de-la-ciudad\/embed\/#?secret=XLoot5PFPR#?secret=P4WKdLtoky\" data-secret=\"P4WKdLtoky\" width=\"600\" height=\"338\" frameborder=\"0\" marginwidth=\"0\" marginheight=\"0\" scrolling=\"no\"><\/iframe><\/p>\n","protected":false},"excerpt":{"rendered":"<p>2019 22.07.2019 El Mercurio de Valpara\u00edso Concierto &#8220;Bon Voyage&#8221; en el Mercurio de Valpara\u00edso http:\/\/www.mercuriovalpo.cl\/impresa\/2019\/07\/22\/full\/cuerpo-principal\/20\/ &nbsp; 28.05.2019 El<\/p>\n","protected":false},"author":1,"featured_media":0,"parent":0,"menu_order":0,"comment_status":"closed","ping_status":"closed","template":"","meta":{"footnotes":""},"class_list":["post-1844","page","type-page","status-publish","hentry"],"_links":{"self":[{"href":"https:\/\/www.clubalemanvalparaiso.cl\/index.php?rest_route=\/wp\/v2\/pages\/1844","targetHints":{"allow":["GET"]}}],"collection":[{"href":"https:\/\/www.clubalemanvalparaiso.cl\/index.php?rest_route=\/wp\/v2\/pages"}],"about":[{"href":"https:\/\/www.clubalemanvalparaiso.cl\/index.php?rest_route=\/wp\/v2\/types\/page"}],"author":[{"embeddable":true,"href":"https:\/\/www.clubalemanvalparaiso.cl\/index.php?rest_route=\/wp\/v2\/users\/1"}],"replies":[{"embeddable":true,"href":"https:\/\/www.clubalemanvalparaiso.cl\/index.php?rest_route=%2Fwp%2Fv2%2Fcomments&post=1844"}],"version-history":[{"count":8,"href":"https:\/\/www.clubalemanvalparaiso.cl\/index.php?rest_route=\/wp\/v2\/pages\/1844\/revisions"}],"predecessor-version":[{"id":3456,"href":"https:\/\/www.clubalemanvalparaiso.cl\/index.php?rest_route=\/wp\/v2\/pages\/1844\/revisions\/3456"}],"wp:attachment":[{"href":"https:\/\/www.clubalemanvalparaiso.cl\/index.php?rest_route=%2Fwp%2Fv2%2Fmedia&parent=1844"}],"curies":[{"name":"wp","href":"https:\/\/api.w.org\/{rel}","templated":true}]}}