{"id":1840,"date":"2016-01-11T11:03:54","date_gmt":"2016-01-11T14:03:54","guid":{"rendered":"http:\/\/www.clubalemanvalparaiso.cl\/?page_id=1840"},"modified":"2025-02-11T15:43:19","modified_gmt":"2025-02-11T18:43:19","slug":"sitios-de-interes","status":"publish","type":"page","link":"https:\/\/www.clubalemanvalparaiso.cl\/?page_id=1840","title":{"rendered":"Sitios de inter\u00e9s"},"content":{"rendered":"<div><strong>&#8211; Colegio Alem\u00e1n de Valpara\u00edso (Deutsche Schule Valpara\u00edso) &#8211;&nbsp;<a href=\"http:\/\/www.dsvalpo.cl\/\" target=\"_blank\" rel=\"noopener\">www.dsvalpo.cl<\/a><\/strong><br \/>\n<strong>&#8211; Club Deportivo Alem\u00e1n (Deutscher Turn- und Sportverein) &#8211;&nbsp;<a href=\"http:\/\/www.dtsv.cl\/\" target=\"_blank\" rel=\"noopener\">www.dtsv.cl<\/a><\/strong><br \/>\n<strong>&#8211; Corporaci\u00f3n Cultural Chileno-Alemana de Valpara\u00edso &#8211;&nbsp;<a href=\"http:\/\/www.goethevalparaiso.cl\/\" target=\"_blank\" rel=\"noopener\">www.goethevalparaiso.cl<\/a><\/strong><br \/>\n<strong>&#8211; Segunda Compa\u00f1\u00eda Alemana de Bomberos (Zweite Deutsche Feuerwehrkompagnie)<\/strong><br \/>\n<strong><a href=\"http:\/\/www.bombagermania.cl\/\" target=\"_blank\" rel=\"noopener\">www.bombagermania.cl<\/a><\/strong><br \/>\n<strong>&#8211; Iglesia Luterana (Lutherische Kirche zu Valpara\u00edso) &#8211;&nbsp;<a href=\"http:\/\/www.iluterana.cl\/\" target=\"_blank\" rel=\"noopener\">www.iluterana.cl<\/a><\/strong><br \/>\n<strong>&#8211; Sociedad Alemana de Beneficencia (Deutscher Hilfsverein) &#8211;&nbsp;<a href=\"http:\/\/www.benevalpo.cl\/\" target=\"_blank\" rel=\"noopener\">www.benevalpo.cl<\/a><\/strong><br \/>\n<strong>&#8211; Ex Hospital Alem\u00e1n (Deutsches Krankenhaus) &#8211;&nbsp;<a href=\"http:\/\/www.havi.cl\/\" target=\"_blank\" rel=\"noopener\">www.havi.cl<\/a><\/strong><br \/>\n<strong>&#8211; Liga Chileno-Alemana de Cultura (Deutsch-Chilenischer Bund) &#8211;&nbsp;<a href=\"http:\/\/www.dcb.cl\/\" target=\"_blank\" rel=\"noopener\">www.dcb.cl<\/a><\/strong><\/div>\n<div><strong>&#8211; Peri\u00f3dico chileno-alem\u00e1n &#8220;C\u00f3ndor&#8221; (Deutsch-chilenische Wochenzeitung&nbsp;&nbsp;<\/strong><\/div>\n<div><strong>(<\/strong><strong>&#8220;C\u00f3ndor&#8221;) &#8211;&nbsp;<a href=\"http:\/\/www.condor.cl\/\" target=\"_blank\" rel=\"noopener\">www.condor.cl<\/a><\/strong><\/div>\n","protected":false},"excerpt":{"rendered":"<p>&#8211; Colegio Alem\u00e1n de Valpara\u00edso (Deutsche Schule Valpara\u00edso) &#8211;&nbsp;www.dsvalpo.cl &#8211; Club Deportivo Alem\u00e1n (Deutscher Turn- und Sportverein) &#8211;&nbsp;www.dtsv.cl<\/p>\n","protected":false},"author":1,"featured_media":0,"parent":0,"menu_order":0,"comment_status":"closed","ping_status":"closed","template":"","meta":{"footnotes":""},"class_list":["post-1840","page","type-page","status-publish","hentry"],"_links":{"self":[{"href":"https:\/\/www.clubalemanvalparaiso.cl\/index.php?rest_route=\/wp\/v2\/pages\/1840","targetHints":{"allow":["GET"]}}],"collection":[{"href":"https:\/\/www.clubalemanvalparaiso.cl\/index.php?rest_route=\/wp\/v2\/pages"}],"about":[{"href":"https:\/\/www.clubalemanvalparaiso.cl\/index.php?rest_route=\/wp\/v2\/types\/page"}],"author":[{"embeddable":true,"href":"https:\/\/www.clubalemanvalparaiso.cl\/index.php?rest_route=\/wp\/v2\/users\/1"}],"replies":[{"embeddable":true,"href":"https:\/\/www.clubalemanvalparaiso.cl\/index.php?rest_route=%2Fwp%2Fv2%2Fcomments&post=1840"}],"version-history":[{"count":4,"href":"https:\/\/www.clubalemanvalparaiso.cl\/index.php?rest_route=\/wp\/v2\/pages\/1840\/revisions"}],"predecessor-version":[{"id":3883,"href":"https:\/\/www.clubalemanvalparaiso.cl\/index.php?rest_route=\/wp\/v2\/pages\/1840\/revisions\/3883"}],"wp:attachment":[{"href":"https:\/\/www.clubalemanvalparaiso.cl\/index.php?rest_route=%2Fwp%2Fv2%2Fmedia&parent=1840"}],"curies":[{"name":"wp","href":"https:\/\/api.w.org\/{rel}","templated":true}]}}